{"id":470,"date":"2021-12-03T09:43:16","date_gmt":"2021-12-03T08:43:16","guid":{"rendered":"https:\/\/www.andreawiegelmann.com\/impressum\/"},"modified":"2023-02-27T18:07:59","modified_gmt":"2023-02-27T17:07:59","slug":"imprint","status":"publish","type":"page","link":"https:\/\/www.andreawiegelmann.com\/en\/imprint\/","title":{"rendered":"Imprint"},"content":{"rendered":"\n<div class=\"wp-block-columns is-layout-flex wp-container-core-columns-is-layout-9d6595d7 wp-block-columns-is-layout-flex\">\n<div class=\"wp-block-column has-padding-25-tablet is-layout-flow wp-block-column-is-layout-flow\">\n<h2 class=\"wp-block-heading\" id=\"impressum\">Impressum<\/h2>\n\n\n\n<p>Verantwortlich<br>Andrea Wiegelmann<br>Hohlstrasse 400<br>8048 Z\u00fcrich<br><br>aw@andreawiegelmann.com<br><a href=\"http:\/\/andreawiegelmann.com\" data-type=\"URL\" data-id=\"andreawiegelmann.com\">andreawiegelmann.com<\/a><\/p>\n\n\n\n<p><\/p>\n\n\n\n<p><br>Grafik <br>Nadine Rinderer<br><a href=\"http:\/\/nadinerinderer.ch\">nadinerinderer.ch<\/a><br><br>Programmierung<br>von heintschel web development<br><a class=\"\" href=\"http:\/\/www.vonheintschel.de\/\">vonheintschel.de<\/a><br><br><\/p>\n\n\n\n<p><\/p>\n\n\n\n<p><\/p>\n\n\n\n<h2 class=\"wp-block-heading\" id=\"haftung\">Haftung <\/h2>\n\n\n\n<p>Die Website enth\u00e4lt Links zu externen Websites Dritter. F\u00fcr die Inhalte der verlinkten Seiten ist stets der jeweilige Anbieter oder Betreiber  verantwortlich. <br><br><\/p>\n\n\n\n<h2 class=\"wp-block-heading\" id=\"urheberrecht\">Urheberrecht<\/h2>\n\n\n\n<p>Die durch die Seitenbetreiber erstellten Inhalte und Werke unterliegen dem Urheberrecht. Die Vervielf\u00e4ltigung, Bearbeitung, Verbreitung und jede Art der Verwertung ausserhalb der Grenzen des Urheberrechtes bed\u00fcrfen der schriftlichen Zustimmung des jeweiligen Autors bzw. Erstellers. Downloads und Kopien dieser Seite sind nur f\u00fcr den privaten, nicht kommerziellen Gebrauch gestattet.<\/p>\n\n\n\n<p>Soweit die Inhalte auf dieser Seite nicht vom Betreiber erstellt wurden, werden die Urheberrechte Dritter beachtet. Insbesondere werden Inhalte Dritter als solche gekennzeichnet. Sollten Sie trotzdem auf eine Urheberrechtsverletzung aufmerksam werden, bitten wir um einen entsprechenden Hinweis. <\/p>\n<\/div>\n<\/div>\n","protected":false},"excerpt":{"rendered":"<p>Impressum VerantwortlichAndrea WiegelmannHohlstrasse 4008048 Z\u00fcrich aw@andreawiegelmann.comandreawiegelmann.com Grafik Nadine Rinderernadinerinderer.ch Programmierungvon heintschel web developmentvonheintschel.de Haftung Die Website enth\u00e4lt Links zu externen Websites Dritter. F\u00fcr die Inhalte der verlinkten Seiten ist stets der jeweilige Anbieter oder Betreiber verantwortlich. Urheberrecht Die durch die Seitenbetreiber erstellten Inhalte und Werke unterliegen dem Urheberrecht. Die Vervielf\u00e4ltigung, Bearbeitung, Verbreitung und jede Art der Verwertung ausserhalb der Grenzen des Urheberrechtes bed\u00fcrfen der schriftlichen Zustimmung des jeweiligen Autors bzw. Erstellers. Downloads und Kopien dieser Seite sind nur f\u00fcr den privaten, nicht kommerziellen Gebrauch gestattet. Soweit die Inhalte auf dieser Seite nicht vom Betreiber erstellt wurden, werden die Urheberrechte Dritter [&hellip;]<\/p>\n","protected":false},"author":1,"featured_media":0,"parent":0,"menu_order":11,"comment_status":"closed","ping_status":"closed","template":"","meta":{"_acf_changed":false,"footnotes":""},"class_list":["post-470","page","type-page","status-publish","hentry"],"acf":[],"_links":{"self":[{"href":"https:\/\/www.andreawiegelmann.com\/en\/wp-json\/wp\/v2\/pages\/470","targetHints":{"allow":["GET"]}}],"collection":[{"href":"https:\/\/www.andreawiegelmann.com\/en\/wp-json\/wp\/v2\/pages"}],"about":[{"href":"https:\/\/www.andreawiegelmann.com\/en\/wp-json\/wp\/v2\/types\/page"}],"author":[{"embeddable":true,"href":"https:\/\/www.andreawiegelmann.com\/en\/wp-json\/wp\/v2\/users\/1"}],"replies":[{"embeddable":true,"href":"https:\/\/www.andreawiegelmann.com\/en\/wp-json\/wp\/v2\/comments?post=470"}],"version-history":[{"count":1,"href":"https:\/\/www.andreawiegelmann.com\/en\/wp-json\/wp\/v2\/pages\/470\/revisions"}],"predecessor-version":[{"id":477,"href":"https:\/\/www.andreawiegelmann.com\/en\/wp-json\/wp\/v2\/pages\/470\/revisions\/477"}],"wp:attachment":[{"href":"https:\/\/www.andreawiegelmann.com\/en\/wp-json\/wp\/v2\/media?parent=470"}],"curies":[{"name":"wp","href":"https:\/\/api.w.org\/{rel}","templated":true}]}}