{"id":468,"date":"2021-07-16T11:21:48","date_gmt":"2021-07-16T09:21:48","guid":{"rendered":"https:\/\/www.andreawiegelmann.com\/info\/"},"modified":"2023-02-27T18:07:26","modified_gmt":"2023-02-27T17:07:26","slug":"about","status":"publish","type":"page","link":"https:\/\/www.andreawiegelmann.com\/en\/about\/","title":{"rendered":"About"},"content":{"rendered":"\n<div class=\"wp-block-columns has-padding-left-25-tablet is-layout-flex wp-container-core-columns-is-layout-9d6595d7 wp-block-columns-is-layout-flex\">\n<div class=\"wp-block-column is-layout-flow wp-block-column-is-layout-flow\" style=\"flex-basis:50%\">\n<figure class=\"wp-block-image size-large\"><img loading=\"lazy\" decoding=\"async\" width=\"1024\" height=\"1024\" src=\"https:\/\/www.andreawiegelmann.com\/wp-content\/uploads\/2021\/11\/andrea-wiegelmann.1024x1024-1024x1024.jpg\" alt=\"\" class=\"wp-image-255\" srcset=\"https:\/\/www.andreawiegelmann.com\/wp-content\/uploads\/2021\/11\/andrea-wiegelmann.1024x1024.jpg 1024w, https:\/\/www.andreawiegelmann.com\/wp-content\/uploads\/2021\/11\/andrea-wiegelmann.1024x1024-300x300.jpg 300w, https:\/\/www.andreawiegelmann.com\/wp-content\/uploads\/2021\/11\/andrea-wiegelmann.1024x1024-150x150.jpg 150w, https:\/\/www.andreawiegelmann.com\/wp-content\/uploads\/2021\/11\/andrea-wiegelmann.1024x1024-768x768.jpg 768w, https:\/\/www.andreawiegelmann.com\/wp-content\/uploads\/2021\/11\/andrea-wiegelmann.1024x1024-640x640.jpg 640w, https:\/\/www.andreawiegelmann.com\/wp-content\/uploads\/2021\/11\/andrea-wiegelmann.1024x1024-320x320.jpg 320w\" sizes=\"auto, (max-width: 1024px) 100vw, 1024px\" \/><figcaption class=\"wp-element-caption\"><sup>\u00a9 Stephan Anton Friesinger, Graz<\/sup><\/figcaption><\/figure>\n\n\n\n<p>Andrea Wiegelmann ist Architektin und Publizistin.<br>Sie schreibt f\u00fcr zahlreiche Magazine und Publikationen. Themenschwerpunkte sind Fragen des St\u00e4dtebaus und der Raumplanung, ihre zuk\u00fcnftigen Entwicklung, Grundrisstypologien, insbesondere des Wohnens, Materialentwicklungen und ihre Auswirkungen auf Architektur und Konstruktion sowie nachhaltige Entwicklungen in Stadtplanung und Architektur.<br><br>Andrea Wiegelmann war Redakteurin der Architekturzeitschrift <em>DETAIL<\/em>, der Zeitschrift <em>TEC21<\/em>, Senior-Editor im <em>Birkh\u00e4user Verlag<\/em> und Verlagsleiterin der Verlage <em>niggli <\/em>und <em>BENTELI<\/em> sowie der Zeitschrift <em>archithese<\/em>. Im Mai 2015 gr\u00fcndet sie gemeinsam mit Kerstin Forster den <em><a rel=\"noreferrer noopener\" href=\"http:\/\/triest-verlag.ch\" data-type=\"URL\" data-id=\"triest-verlag.ch\" target=\"_blank\">Triest Verlag<\/a><\/em> in Z\u00fcrich, seit Mai 2018 ist sie an der <a href=\"https:\/\/www.architekturwerkstattstgallen.ch\" target=\"_blank\" rel=\"noreferrer noopener\">ArchitekturWerkstatt St.Gallen<\/a> f\u00fcr interne Publikationen zust\u00e4ndig. Sie ist Vorstandsmitglied im <a href=\"https:\/\/a-f-o.ch\" target=\"_blank\" rel=\"noreferrer noopener\">Architektur Forum Ostschweiz<\/a>.<br><br>Andrea Wiegelmann lebt in Z\u00fcrich, Schweiz.<\/p>\n<\/div>\n<\/div>\n","protected":false},"excerpt":{"rendered":"<p>Andrea Wiegelmann ist Architektin und Publizistin.Sie schreibt f\u00fcr zahlreiche Magazine und Publikationen. Themenschwerpunkte sind Fragen des St\u00e4dtebaus und der Raumplanung, ihre zuk\u00fcnftigen Entwicklung, Grundrisstypologien, insbesondere des Wohnens, Materialentwicklungen und ihre Auswirkungen auf Architektur und Konstruktion sowie nachhaltige Entwicklungen in Stadtplanung und Architektur. Andrea Wiegelmann war Redakteurin der Architekturzeitschrift DETAIL, der Zeitschrift TEC21, Senior-Editor im Birkh\u00e4user Verlag und Verlagsleiterin der Verlage niggli und BENTELI sowie der Zeitschrift archithese. Im Mai 2015 gr\u00fcndet sie gemeinsam mit Kerstin Forster den Triest Verlag in Z\u00fcrich, seit Mai 2018 ist sie an der ArchitekturWerkstatt St.Gallen f\u00fcr interne Publikationen zust\u00e4ndig. Sie ist Vorstandsmitglied im Architektur Forum [&hellip;]<\/p>\n","protected":false},"author":1,"featured_media":0,"parent":0,"menu_order":7,"comment_status":"closed","ping_status":"closed","template":"","meta":{"_acf_changed":false,"footnotes":""},"class_list":["post-468","page","type-page","status-publish","hentry"],"acf":[],"_links":{"self":[{"href":"https:\/\/www.andreawiegelmann.com\/en\/wp-json\/wp\/v2\/pages\/468","targetHints":{"allow":["GET"]}}],"collection":[{"href":"https:\/\/www.andreawiegelmann.com\/en\/wp-json\/wp\/v2\/pages"}],"about":[{"href":"https:\/\/www.andreawiegelmann.com\/en\/wp-json\/wp\/v2\/types\/page"}],"author":[{"embeddable":true,"href":"https:\/\/www.andreawiegelmann.com\/en\/wp-json\/wp\/v2\/users\/1"}],"replies":[{"embeddable":true,"href":"https:\/\/www.andreawiegelmann.com\/en\/wp-json\/wp\/v2\/comments?post=468"}],"version-history":[{"count":1,"href":"https:\/\/www.andreawiegelmann.com\/en\/wp-json\/wp\/v2\/pages\/468\/revisions"}],"predecessor-version":[{"id":475,"href":"https:\/\/www.andreawiegelmann.com\/en\/wp-json\/wp\/v2\/pages\/468\/revisions\/475"}],"wp:attachment":[{"href":"https:\/\/www.andreawiegelmann.com\/en\/wp-json\/wp\/v2\/media?parent=468"}],"curies":[{"name":"wp","href":"https:\/\/api.w.org\/{rel}","templated":true}]}}